{"id":3352,"date":"2025-08-04T11:22:51","date_gmt":"2025-08-04T15:22:51","guid":{"rendered":"https:\/\/www.soberaniaalimentaria.gob.bo\/?page_id=3352"},"modified":"2025-08-04T12:19:37","modified_gmt":"2025-08-04T16:19:37","slug":"resena-historica","status":"publish","type":"page","link":"https:\/\/www.soberaniaalimentaria.gob.bo\/?page_id=3352","title":{"rendered":"Rese\u00f1a Hist\u00f3rica"},"content":{"rendered":"\t\t<div data-elementor-type=\"wp-page\" data-elementor-id=\"3352\" class=\"elementor elementor-3352\" data-elementor-post-type=\"page\">\n\t\t\t\t<div class=\"elementor-element elementor-element-5aa72ff e-con-full e-flex e-con e-parent\" data-id=\"5aa72ff\" data-element_type=\"container\" data-e-type=\"container\" data-settings=\"{&quot;background_background&quot;:&quot;slideshow&quot;,&quot;background_slideshow_gallery&quot;:[{&quot;id&quot;:456,&quot;url&quot;:&quot;https:\\\/\\\/www.soberaniaalimentaria.gob.bo\\\/wp-content\\\/uploads\\\/2023\\\/10\\\/portada-00EW1.png&quot;},{&quot;id&quot;:454,&quot;url&quot;:&quot;https:\\\/\\\/www.soberaniaalimentaria.gob.bo\\\/wp-content\\\/uploads\\\/2023\\\/10\\\/portada-13-2.png&quot;}],&quot;background_slideshow_loop&quot;:&quot;yes&quot;,&quot;background_slideshow_slide_duration&quot;:5000,&quot;background_slideshow_slide_transition&quot;:&quot;fade&quot;,&quot;background_slideshow_transition_duration&quot;:500}\">\n\t\t<div class=\"elementor-element elementor-element-a7c235b e-con-full e-flex e-con e-child\" data-id=\"a7c235b\" data-element_type=\"container\" data-e-type=\"container\">\n\t\t\t\t<div class=\"elementor-element elementor-element-81c39ef elementor-widget elementor-widget-heading\" data-id=\"81c39ef\" data-element_type=\"widget\" data-e-type=\"widget\" data-widget_type=\"heading.default\">\n\t\t\t\t<div class=\"elementor-widget-container\">\n\t\t\t\t\t<h1 class=\"elementor-heading-title elementor-size-default\">RESE\u00d1A HIST\u00d3RICA<\/h1>\t\t\t\t<\/div>\n\t\t\t\t<\/div>\n\t\t\t\t<div class=\"elementor-element elementor-element-6a07969 elementor-widget elementor-widget-text-editor\" data-id=\"6a07969\" data-element_type=\"widget\" data-e-type=\"widget\" data-widget_type=\"text-editor.default\">\n\t\t\t\t<div class=\"elementor-widget-container\">\n\t\t\t\t\t\t\t\t\t<div class=\"page\" title=\"Page 3\"><div class=\"section\"><div class=\"layoutArea\"><div class=\"column\"><p dir=\"ltr\" data-pm-slice=\"1 1 []\"><span class=\"citation-41 citation-end-41\">La Instituci\u00f3n P\u00fablica Desconcentrada &#8220;Soberan\u00eda Alimentaria&#8221; fue creada mediante Decreto Supremo N\u00b0 1858 de fecha 8 de enero de 2014<\/span>. <span class=\"citation-40 citation-end-40\">Se establece como una instituci\u00f3n p\u00fablica t\u00e9cnica y operativa <\/span><span class=\"citation-39 citation-end-39\">, dependiendo administrativamente, financiera, legal y t\u00e9cnicamente del Ministerio de Desarrollo Rural y Tierras (MDRYT) <\/span><span class=\"citation-38 citation-end-38\">, y funcionalmente del Viceministerio de Desarrollo Rural y Agropecuario (VDRA)<\/span>. <span class=\"citation-37 citation-end-37\">Su funci\u00f3n principal es implementar y ejecutar programas y proyectos de soberan\u00eda alimentaria, priorizando a peque\u00f1os y medianos productores, as\u00ed como la agricultura familiar comunitaria<\/span>. <span class=\"citation-36 citation-end-36\">Tambi\u00e9n se le asign\u00f3 la administraci\u00f3n de programas y proyectos en ejecuci\u00f3n y administrados por la UD-PASA, definidos por el Ministerio de Desarrollo Rural y Tierras y la Ley N\u00b0 448 de 4 de diciembre de 2013, excluyendo el Programa Nacional de Pesca<\/span>. <span class=\"citation-35 citation-end-35\">Los programas y proyectos en implementaci\u00f3n, as\u00ed como los derechos y obligaciones de la UD-PASA, fueron asumidos por la nueva Instituci\u00f3n P\u00fablica Desconcentrada Soberan\u00eda Alimentaria<\/span>.<\/p><\/div><\/div><\/div><\/div>\t\t\t\t\t\t\t\t<\/div>\n\t\t\t\t<\/div>\n\t\t\t\t<\/div>\n\t\t<div class=\"elementor-element elementor-element-1b763de e-con-full e-flex e-con e-child\" data-id=\"1b763de\" data-element_type=\"container\" data-e-type=\"container\">\n\t\t\t\t<div class=\"elementor-element elementor-element-e39c0b2 elementor-widget elementor-widget-image\" data-id=\"e39c0b2\" data-element_type=\"widget\" data-e-type=\"widget\" data-widget_type=\"image.default\">\n\t\t\t\t<div class=\"elementor-widget-container\">\n\t\t\t\t\t\t\t\t\t\t\t\t\t\t\t<img fetchpriority=\"high\" decoding=\"async\" width=\"768\" height=\"327\" src=\"https:\/\/www.soberaniaalimentaria.gob.bo\/wp-content\/uploads\/2023\/10\/portadaMisioon-01-768x327.png\" class=\"attachment-medium_large size-medium_large wp-image-446\" alt=\"\" srcset=\"https:\/\/www.soberaniaalimentaria.gob.bo\/wp-content\/uploads\/2023\/10\/portadaMisioon-01-768x327.png 768w, https:\/\/www.soberaniaalimentaria.gob.bo\/wp-content\/uploads\/2023\/10\/portadaMisioon-01-300x128.png 300w, https:\/\/www.soberaniaalimentaria.gob.bo\/wp-content\/uploads\/2023\/10\/portadaMisioon-01-1024x435.png 1024w, https:\/\/www.soberaniaalimentaria.gob.bo\/wp-content\/uploads\/2023\/10\/portadaMisioon-01-1536x653.png 1536w, https:\/\/www.soberaniaalimentaria.gob.bo\/wp-content\/uploads\/2023\/10\/portadaMisioon-01-2048x871.png 2048w\" sizes=\"(max-width: 768px) 100vw, 768px\" \/>\t\t\t\t\t\t\t\t\t\t\t\t\t\t\t<\/div>\n\t\t\t\t<\/div>\n\t\t\t\t<\/div>\n\t\t\t\t<\/div>\n\t\t\t\t<\/div>\n\t\t","protected":false},"excerpt":{"rendered":"<p>RESE\u00d1A HIST\u00d3RICA La Instituci\u00f3n P\u00fablica Desconcentrada &#8220;Soberan\u00eda Alimentaria&#8221; fue creada mediante Decreto Supremo N\u00b0 1858 de fecha 8 de enero de 2014. Se establece como una instituci\u00f3n p\u00fablica t\u00e9cnica y operativa , dependiendo administrativamente, financiera, legal y t\u00e9cnicamente del Ministerio de Desarrollo Rural y Tierras (MDRYT) , y funcionalmente del Viceministerio de Desarrollo Rural y [&hellip;]<\/p>\n","protected":false},"author":5,"featured_media":0,"parent":0,"menu_order":0,"comment_status":"closed","ping_status":"closed","template":"","meta":{"_acf_changed":false,"footnotes":""},"class_list":["post-3352","page","type-page","status-publish","hentry"],"acf":[],"_links":{"self":[{"href":"https:\/\/www.soberaniaalimentaria.gob.bo\/index.php?rest_route=\/wp\/v2\/pages\/3352","targetHints":{"allow":["GET"]}}],"collection":[{"href":"https:\/\/www.soberaniaalimentaria.gob.bo\/index.php?rest_route=\/wp\/v2\/pages"}],"about":[{"href":"https:\/\/www.soberaniaalimentaria.gob.bo\/index.php?rest_route=\/wp\/v2\/types\/page"}],"author":[{"embeddable":true,"href":"https:\/\/www.soberaniaalimentaria.gob.bo\/index.php?rest_route=\/wp\/v2\/users\/5"}],"replies":[{"embeddable":true,"href":"https:\/\/www.soberaniaalimentaria.gob.bo\/index.php?rest_route=%2Fwp%2Fv2%2Fcomments&post=3352"}],"version-history":[{"count":7,"href":"https:\/\/www.soberaniaalimentaria.gob.bo\/index.php?rest_route=\/wp\/v2\/pages\/3352\/revisions"}],"predecessor-version":[{"id":3391,"href":"https:\/\/www.soberaniaalimentaria.gob.bo\/index.php?rest_route=\/wp\/v2\/pages\/3352\/revisions\/3391"}],"wp:attachment":[{"href":"https:\/\/www.soberaniaalimentaria.gob.bo\/index.php?rest_route=%2Fwp%2Fv2%2Fmedia&parent=3352"}],"curies":[{"name":"wp","href":"https:\/\/api.w.org\/{rel}","templated":true}]}}