{"id":3345,"date":"2025-08-04T10:59:25","date_gmt":"2025-08-04T14:59:25","guid":{"rendered":"https:\/\/www.soberaniaalimentaria.gob.bo\/?page_id=3345"},"modified":"2026-03-17T18:56:18","modified_gmt":"2026-03-17T22:56:18","slug":"valores-y-principios","status":"publish","type":"page","link":"https:\/\/www.soberaniaalimentaria.gob.bo\/?page_id=3345","title":{"rendered":"Valores y Principios"},"content":{"rendered":"\t\t<div data-elementor-type=\"wp-page\" data-elementor-id=\"3345\" class=\"elementor elementor-3345\" data-elementor-post-type=\"page\">\n\t\t\t\t<div class=\"elementor-element elementor-element-f775f7e e-con-full e-flex e-con e-parent\" data-id=\"f775f7e\" data-element_type=\"container\" data-e-type=\"container\" data-settings=\"{&quot;background_background&quot;:&quot;slideshow&quot;,&quot;background_slideshow_gallery&quot;:[{&quot;id&quot;:456,&quot;url&quot;:&quot;https:\\\/\\\/www.soberaniaalimentaria.gob.bo\\\/wp-content\\\/uploads\\\/2023\\\/10\\\/portada-00EW1.png&quot;},{&quot;id&quot;:454,&quot;url&quot;:&quot;https:\\\/\\\/www.soberaniaalimentaria.gob.bo\\\/wp-content\\\/uploads\\\/2023\\\/10\\\/portada-13-2.png&quot;}],&quot;background_slideshow_loop&quot;:&quot;yes&quot;,&quot;background_slideshow_slide_duration&quot;:5000,&quot;background_slideshow_slide_transition&quot;:&quot;fade&quot;,&quot;background_slideshow_transition_duration&quot;:500}\">\n\t\t<div class=\"elementor-element elementor-element-4224a42 e-con-full e-flex e-con e-child\" data-id=\"4224a42\" data-element_type=\"container\" data-e-type=\"container\">\n\t\t\t\t<div class=\"elementor-element elementor-element-3699770 elementor-widget elementor-widget-heading\" data-id=\"3699770\" data-element_type=\"widget\" data-e-type=\"widget\" data-widget_type=\"heading.default\">\n\t\t\t\t<div class=\"elementor-widget-container\">\n\t\t\t\t\t<h1 class=\"elementor-heading-title elementor-size-default\">VALORES Y PRINCIPIOS<\/h1>\t\t\t\t<\/div>\n\t\t\t\t<\/div>\n\t\t\t\t<div class=\"elementor-element elementor-element-245e72a elementor-widget elementor-widget-text-editor\" data-id=\"245e72a\" data-element_type=\"widget\" data-e-type=\"widget\" data-widget_type=\"text-editor.default\">\n\t\t\t\t<div class=\"elementor-widget-container\">\n\t\t\t\t\t\t\t\t\t<ul class=\"tight\" dir=\"ltr\" data-tight=\"true\" data-pm-slice=\"3 3 []\"><li><p dir=\"ltr\"><strong>Transparencia<\/strong>: Gestionamos los recursos financieros y administrativos con claridad y responsabilidad.<\/p><\/li><li><p dir=\"ltr\"><strong>Eficiencia y Eficacia<\/strong>: Buscamos resultados \u00f3ptimos en la ejecuci\u00f3n de programas y proyectos.<\/p><\/li><li><p dir=\"ltr\"><strong>Cumplimiento Normativo<\/strong>: Operamos bajo la Ley N\u00b0 1178 y normativas vigentes, asegurando legalidad en todas nuestras acciones.<\/p><\/li><li><p dir=\"ltr\"><strong>Cooperaci\u00f3n<\/strong>: Fomentamos la colaboraci\u00f3n con instituciones p\u00fablicas, privadas y sectores sociales.<\/p><\/li><li><p dir=\"ltr\"><strong>Responsabilidad<\/strong>: Velamos por la correcta ejecuci\u00f3n del Programa Operativo Anual (POA) y el presupuesto institucional.<\/p><\/li><\/ul>\t\t\t\t\t\t\t\t<\/div>\n\t\t\t\t<\/div>\n\t\t\t\t<\/div>\n\t\t<div class=\"elementor-element elementor-element-13f3140 e-con-full e-flex e-con e-child\" data-id=\"13f3140\" data-element_type=\"container\" data-e-type=\"container\">\n\t\t\t\t<div class=\"elementor-element elementor-element-7b35c09 elementor-widget elementor-widget-image\" data-id=\"7b35c09\" data-element_type=\"widget\" data-e-type=\"widget\" data-widget_type=\"image.default\">\n\t\t\t\t<div class=\"elementor-widget-container\">\n\t\t\t\t\t\t\t\t\t\t\t\t\t\t\t<img fetchpriority=\"high\" decoding=\"async\" width=\"768\" height=\"327\" src=\"https:\/\/www.soberaniaalimentaria.gob.bo\/wp-content\/uploads\/2023\/10\/portadaMisioon-01-768x327.png\" class=\"attachment-medium_large size-medium_large wp-image-446\" alt=\"\" srcset=\"https:\/\/www.soberaniaalimentaria.gob.bo\/wp-content\/uploads\/2023\/10\/portadaMisioon-01-768x327.png 768w, https:\/\/www.soberaniaalimentaria.gob.bo\/wp-content\/uploads\/2023\/10\/portadaMisioon-01-300x128.png 300w, https:\/\/www.soberaniaalimentaria.gob.bo\/wp-content\/uploads\/2023\/10\/portadaMisioon-01-1024x435.png 1024w, https:\/\/www.soberaniaalimentaria.gob.bo\/wp-content\/uploads\/2023\/10\/portadaMisioon-01-1536x653.png 1536w, https:\/\/www.soberaniaalimentaria.gob.bo\/wp-content\/uploads\/2023\/10\/portadaMisioon-01-2048x871.png 2048w\" sizes=\"(max-width: 768px) 100vw, 768px\" \/>\t\t\t\t\t\t\t\t\t\t\t\t\t\t\t<\/div>\n\t\t\t\t<\/div>\n\t\t\t\t<\/div>\n\t\t\t\t<\/div>\n\t\t\t\t<\/div>\n\t\t","protected":false},"excerpt":{"rendered":"<p>VALORES Y PRINCIPIOS Transparencia: Gestionamos los recursos financieros y administrativos con claridad y responsabilidad. Eficiencia y Eficacia: Buscamos resultados \u00f3ptimos en la ejecuci\u00f3n de programas y proyectos. Cumplimiento Normativo: Operamos bajo la Ley N\u00b0 1178 y normativas vigentes, asegurando legalidad en todas nuestras acciones. Cooperaci\u00f3n: Fomentamos la colaboraci\u00f3n con instituciones p\u00fablicas, privadas y sectores sociales. [&hellip;]<\/p>\n","protected":false},"author":5,"featured_media":0,"parent":0,"menu_order":0,"comment_status":"closed","ping_status":"closed","template":"","meta":{"_acf_changed":false,"footnotes":""},"class_list":["post-3345","page","type-page","status-publish","hentry"],"acf":[],"_links":{"self":[{"href":"https:\/\/www.soberaniaalimentaria.gob.bo\/index.php?rest_route=\/wp\/v2\/pages\/3345","targetHints":{"allow":["GET"]}}],"collection":[{"href":"https:\/\/www.soberaniaalimentaria.gob.bo\/index.php?rest_route=\/wp\/v2\/pages"}],"about":[{"href":"https:\/\/www.soberaniaalimentaria.gob.bo\/index.php?rest_route=\/wp\/v2\/types\/page"}],"author":[{"embeddable":true,"href":"https:\/\/www.soberaniaalimentaria.gob.bo\/index.php?rest_route=\/wp\/v2\/users\/5"}],"replies":[{"embeddable":true,"href":"https:\/\/www.soberaniaalimentaria.gob.bo\/index.php?rest_route=%2Fwp%2Fv2%2Fcomments&post=3345"}],"version-history":[{"count":9,"href":"https:\/\/www.soberaniaalimentaria.gob.bo\/index.php?rest_route=\/wp\/v2\/pages\/3345\/revisions"}],"predecessor-version":[{"id":3918,"href":"https:\/\/www.soberaniaalimentaria.gob.bo\/index.php?rest_route=\/wp\/v2\/pages\/3345\/revisions\/3918"}],"wp:attachment":[{"href":"https:\/\/www.soberaniaalimentaria.gob.bo\/index.php?rest_route=%2Fwp%2Fv2%2Fmedia&parent=3345"}],"curies":[{"name":"wp","href":"https:\/\/api.w.org\/{rel}","templated":true}]}}